{"id":1577,"date":"2023-07-14T21:10:44","date_gmt":"2023-07-14T21:10:44","guid":{"rendered":"https:\/\/autoklaav.ee\/myyntiehdot\/"},"modified":"2023-07-14T21:10:44","modified_gmt":"2023-07-14T21:10:44","slug":"myyntiehdot","status":"publish","type":"page","link":"https:\/\/autoklaav.ee\/fi\/myyntiehdot\/","title":{"rendered":"Myyntiehdot"},"content":{"rendered":"<p><span class=\"Apple-converted-space\"> <\/span>Verkkokaupan www.autoklaav.ee (j\u00e4ljemp\u00e4n\u00e4 &#8221;verkkokauppa&#8221;) omistaja on MX GRADE O\u00dc (rekisteritunnus 16060872), joka sijaitsee osoitteessa Roobu 9, Maardu, 74114.<span class=\"Apple-converted-space\"> <\/span><\/p>\n<p><b>Myyntisopimuksen voimassaolo, kaupalliset tiedot ja hintatiedot<span class=\"Apple-converted-space\"> <\/span><\/b><\/p>\n<p>Myyntiehdot koskevat tavaroiden ostamista verkkokaupasta.<span class=\"Apple-converted-space\"> <\/span><\/p>\n<p>Verkkokaupassa myyt\u00e4vien tuotteiden hinnat on ilmoitettu tuotteiden yhteydess\u00e4. Hintaan lis\u00e4t\u00e4\u00e4n toimitusmaksu. <span class=\"Apple-converted-space\"> <\/span><\/p>\n<p>Toimitusmaksu riippuu ostajan sijainnista ja toimitustavasta. Toimitusmaksu n\u00e4ytet\u00e4\u00e4n ostajalle tilausta tehdess\u00e4. <span class=\"Apple-converted-space\"> <\/span><\/p>\n<p>Tietoa tavaroista on verkkokaupassa suoraan tavaran vieress\u00e4.<span class=\"Apple-converted-space\"> <\/span><\/p>\n<p><b>Tilauksen tekeminen<span class=\"Apple-converted-space\"> <\/span><\/b><\/p>\n<p>Tilausta varten sinun on lis\u00e4tt\u00e4v\u00e4 haluamasi tuotteet ostoskoriin. Tilauksen tekemist\u00e4 varten sinun on t\u00e4ytett\u00e4v\u00e4 vaaditut kent\u00e4t ja valittava sopiva toimitustapa. T\u00e4m\u00e4n j\u00e4lkeen n\u00e4yt\u00f6ll\u00e4 n\u00e4kyy maksun m\u00e4\u00e4r\u00e4, joka voidaan maksaa pankkisiirrolla tai muulla maksutavalla.  <span class=\"Apple-converted-space\"> <\/span><\/p>\n<p>Sopimus tulee voimaan p\u00e4iv\u00e4n\u00e4, jona verkkokaupan k\u00e4ytt\u00f6tilille maksettava summa on vastaanotettu.<span class=\"Apple-converted-space\"> <\/span><\/p>\n<p>Jos tilattuja tavaroita ei voida toimittaa tavaran vanhentumisen tai muun syyn vuoksi, ostajalle ilmoitetaan asiasta mahdollisimman pian ja maksetut rahat (toimituskulut mukaan lukien) palautetaan yleens\u00e4 1-2 ty\u00f6p\u00e4iv\u00e4n kuluessa. Maksutavan mukaan maksun vastaanottaminen voi kest\u00e4\u00e4 jopa 7 ty\u00f6p\u00e4iv\u00e4\u00e4. <span class=\"Apple-converted-space\"> <\/span><\/p>\n<p><b>Toimitus osoitteeseen<span class=\"Apple-converted-space\"> <\/span><\/b><\/p>\n<p>Tavaroita toimitetaan Viroon, Latviaan, Liettuaan, Suomeen, Ruotsiin, Saksaan ja muihin EU-maihin.  <span class=\"Apple-converted-space\"> <\/span><\/p>\n<p>Ostaja vastaa toimituskuluista, ja vastaavat hintatiedot n\u00e4kyv\u00e4t toimitustavan yhteydess\u00e4.<span class=\"Apple-converted-space\"> <\/span><\/p>\n<p>Viron sis\u00e4iset l\u00e4hetykset saapuvat ostajan ilmoittamaan m\u00e4\u00e4r\u00e4np\u00e4\u00e4h\u00e4n yleens\u00e4 3-7 ty\u00f6p\u00e4iv\u00e4n kuluessa kauppasopimuksen voimaantulosta. Viron ulkopuolelle toimitus tapahtuu 30 kalenterip\u00e4iv\u00e4n kuluessa. <span class=\"Apple-converted-space\"> <\/span><\/p>\n<p>Poikkeustapauksissa sinulla on oikeus saada tavarat toimitettua 30 kalenterip\u00e4iv\u00e4n kuluessa.<span class=\"Apple-converted-space\"> <\/span><\/p>\n<p>Jos verkkokauppa on ilmoittanut ostajalle verkkosivustolla tai tilausvahvistuksessa toimitusongelmista ja yli 30 kalenterip\u00e4iv\u00e4n m\u00e4\u00e4r\u00e4ajasta, sovelletaan verkkokaupan julkaisemaa m\u00e4\u00e4r\u00e4aikaa.<span class=\"Apple-converted-space\"> <\/span><\/p>\n<p><b>Peruuttamisoikeus<span class=\"Apple-converted-space\"> <\/span><\/b><\/p>\n<p>Tilauksen vastaanottamisen j\u00e4lkeen ostajalla on oikeus peruuttaa verkkokaupassa tehty sopimus 14 p\u00e4iv\u00e4n kuluessa <i>[tuotteista riippuen ostajalla ei v\u00e4ltt\u00e4m\u00e4tt\u00e4 ole peruutusoikeutta; t\u00e4llaisessa tapauksessa kyseiset tuotteet ja palvelut on lueteltava ja niiden on t\u00e4ytett\u00e4v\u00e4 velvoiteoikeuslain 53 \u00a7:n 4 momentissa luetellut edellytykset].<\/i><span class=\"Apple-converted-space\"> <\/span><\/p>\n<p>Peruuttamisoikeutta ei sovelleta, jos ostaja on oikeushenkil\u00f6.<span class=\"Apple-converted-space\"> <\/span><\/p>\n<p>Jotta 14 p\u00e4iv\u00e4n peruuttamisoikeutta voidaan k\u00e4ytt\u00e4\u00e4, tilattuja tavaroita ei saa k\u00e4ytt\u00e4\u00e4 muulla tavoin kuin tavaran luonteen, ominaisuuksien ja toiminnan selvitt\u00e4miseksi samalla tavalla kuin on sallittua tavaroiden testaamiseksi fyysisess\u00e4 myym\u00e4l\u00e4ss\u00e4.<span class=\"Apple-converted-space\"> <\/span><\/p>\n<p>Jos tavaroita on k\u00e4ytetty muuhun kuin tavaran luonteen, ominaisuuksien ja toiminnan selvitt\u00e4miseen tarvittavaan tarkoitukseen tai jos tavaroissa on k\u00e4yt\u00f6n tai kulumisen merkkej\u00e4, verkkokaupalla on oikeus alentaa palautettavaa maksua tavaran arvon alenemisen mukaisesti.<span class=\"Apple-converted-space\"> <\/span><\/p>\n<p>Palauttaaksesi tavarat sinun on l\u00e4hetett\u00e4v\u00e4 peruuttamislomake, joka l\u00f6ytyy <i>t\u00e4\u00e4lt\u00e4: peruuttamislomake <\/i>, ja l\u00e4hetett\u00e4v\u00e4 se s\u00e4hk\u00f6postiosoitteeseen viimeist\u00e4\u00e4n 14 p\u00e4iv\u00e4n kuluessa tavaroiden vastaanottamisesta.<span class=\"Apple-converted-space\"> <\/span><\/p>\n<p>Ostaja vastaa tavaran palauttamisesta aiheutuvista kustannuksista, paitsi jos palautuksen syyn\u00e4 on se, ett\u00e4 tavara ei vastaa tilausta (esim. se on v\u00e4\u00e4r\u00e4 tai viallinen).<span class=\"Apple-converted-space\"> <\/span><\/p>\n<p>Ostajan on palautettava tavarat 14 p\u00e4iv\u00e4n kuluessa hakemuksen j\u00e4tt\u00e4misest\u00e4 tai todistettava, ett\u00e4 h\u00e4n on luovuttanut ne rahdinkuljettajalle kyseisen ajan kuluessa.<span class=\"Apple-converted-space\"> <\/span><\/p>\n<p>Verkkokauppa palauttaa palautetun tavaran saatuaan ostajalle v\u00e4litt\u00f6m\u00e4sti, mutta viimeist\u00e4\u00e4n 14 p\u00e4iv\u00e4n kuluessa peruuttamisen vastaanottamisesta, kaikki ostajalta sopimuksen mukaisesti saadut maksut.<span class=\"Apple-converted-space\"> <\/span><\/p>\n<p>Verkkokauppa voi kielt\u00e4yty\u00e4 palautuksesta ennen kuin se on vastaanottanut sopimuksen kohteena olevat tavarat tai ennen kuin ostaja on todistanut palauttaneensa tavarat, riippuen siit\u00e4, kumpi ajankohta on aikaisempi.<span class=\"Apple-converted-space\"> <\/span><\/p>\n<p>Jos ostaja on nimenomaisesti valinnut muun toimitustavan kuin verkkokaupan tarjoaman halvimman toimitustavan, verkkokauppa ei ole velvollinen korvaamaan kuluttajalle kustannuksia, jotka ylitt\u00e4v\u00e4t tavanomaisen toimitustavan kustannukset.<span class=\"Apple-converted-space\"> <\/span><\/p>\n<p>Verkkokaupalla on oikeus peruuttaa kauppa ja vaatia ostajalta tavaran palauttamista, jos tavaran hinta verkkokaupassa on merkitty virheest\u00e4 johtuen huomattavasti alle tavaran markkinahinnan.<span class=\"Apple-converted-space\"> <\/span><\/p>\n<p><b>Oikeus tehd\u00e4 valitus<span class=\"Apple-converted-space\"> <\/span><\/b><\/p>\n<p>Verkkokauppa vastaa ostajalle myydyn tavaran virheest\u00e4 tai puutteesta, joka on ollut olemassa jo toimitushetkell\u00e4 ja joka ilmenee enint\u00e4\u00e4n kahden vuoden kuluessa tavaran toimittamisesta ostajalle. T\u00e4m\u00e4n ensimm\u00e4isen vuoden aikana siit\u00e4, kun tavarat on toimitettu ostajalle, oletetaan, ett\u00e4. <span class=\"Apple-converted-space\"> <\/span><\/p>\n<p>puute oli olemassa jo toimitushetkell\u00e4. Verkkokaupan vastuulla on kumota t\u00e4m\u00e4 olettamus. <span class=\"Apple-converted-space\"> <\/span><\/p>\n<p>Jos virhe ilmenee, ostajalla on oikeus ottaa yhteytt\u00e4 verkkokauppaan viimeist\u00e4\u00e4n kahden kuukauden kuluessa l\u00e4hett\u00e4m\u00e4ll\u00e4 s\u00e4hk\u00f6postia osoitteeseen info@autoklaav.ee.<span class=\"Apple-converted-space\"> <\/span><\/p>\n<p>Verkkokauppa ei vastaa tavaran toimituksen j\u00e4lkeen ilmenneist\u00e4 vioista, jotka johtuvat kuluttajan toiminnasta tai toimimattomuudesta (virheellinen k\u00e4ytt\u00f6, onnettomuus jne.) tai tavanomaisesta kulumisesta, joka johtuu tavaran tavanomaisesta k\u00e4yt\u00f6st\u00e4.<span class=\"Apple-converted-space\"> <\/span><\/p>\n<p>Jos Verkkokaupasta ostetuissa tavaroissa on virheit\u00e4, joista Verkkokauppa on vastuussa, Verkkokauppa korjaa tai vaihtaa vialliset tavarat. Jos tavaran korjaaminen tai korvaaminen ei ole mahdollista, Verkkokauppa palauttaa ostajalle kaikki kauppasopimukseen liittyv\u00e4t maksut. <span class=\"Apple-converted-space\"> <\/span><\/p>\n<p>Verkkokaupan on vastattava kuluttajan valitukseen kirjallisesti tai kirjallisesti toistettavassa muodossa 15 p\u00e4iv\u00e4n kuluessa.<span class=\"Apple-converted-space\"> <\/span><\/p>\n<p><b>Suoramarkkinointi ja henkil\u00f6tietojen k\u00e4sittely<span class=\"Apple-converted-space\"> <\/span><\/b><\/p>\n<p><i>HUOMAUTUS: T\u00e4m\u00e4 kohta voi olla osa myyntiehtoja tai erillisell\u00e4 sivulla (j\u00e4lkimm\u00e4isess\u00e4 tapauksessa sinulta pyydet\u00e4\u00e4n my\u00f6s erillinen suostumus n\u00e4iden ehtojen hyv\u00e4ksymiseen, esimerkiksi ostoskorissa). <span class=\"Apple-converted-space\"> <\/span><\/i><\/p>\n<p><i>T\u00e4st\u00e4 kohdasta on esimerkkiopas osoitteessa <\/i><b><br \/>\n  <i>t\u00e4\u00e4lt\u00e4 <\/i><br \/>\n<\/b><i>(HUOMAUTUS: Esimerkki on opas omien ehtojen laatimiseen. Jokaisella verkkokaupalla on hieman erilaiset tietosuojaehdot, riippuen verkkokaupan erityispiirteist\u00e4).<span class=\"Apple-converted-space\"> <\/span><\/i> <\/p>\n<p><b>Riitojen ratkaiseminen<span class=\"Apple-converted-space\"> <\/span><\/b><\/p>\n<p>Jos ostajalla on verkkokauppaa koskevia valituksia, ne on l\u00e4hetett\u00e4v\u00e4 s\u00e4hk\u00f6postitse osoitteeseen info@autoklaav.ee.<\/p>\n<p>Jos ostaja ja verkkokauppa eiv\u00e4t pysty ratkaisemaan riitaa sopimuksella, ostaja voi k\u00e4\u00e4nty\u00e4 kuluttajariitalautakunnan puoleen. Voit tutustua menettelyn ehtoihin ja tehd\u00e4 hakemuksen t\u00e4\u00e4ll\u00e4. Kuluttajariitalautakunta on toimivaltainen ratkaisemaan ostajan ja verkkokaupan v\u00e4lisest\u00e4 sopimuksesta johtuvat riidat. Ostajan valituksen tutkiminen lautakunnassa on maksutonta.   <span class=\"Apple-converted-space\"> <\/span><\/p>\n<p>Ostaja voi k\u00e4\u00e4nty\u00e4 Euroopan unionin kuluttajariitojen ratkaisufoorumin puoleen.<span class=\"Apple-converted-space\"> <\/span><\/p>\n","protected":false},"excerpt":{"rendered":"<p>Verkkokaupan www.autoklaav.ee (j\u00e4ljemp\u00e4n\u00e4 &#8221;verkkokauppa&#8221;) omistaja on MX GRADE O\u00dc (rekisteritunnus 16060872), joka sijaitsee osoitteessa Roobu 9, Maardu, 74114. Myyntisopimuksen voimassaolo, kaupalliset tiedot ja hintatiedot Myyntiehdot koskevat tavaroiden ostamista verkkokaupasta. Verkkokaupassa myyt\u00e4vien tuotteiden hinnat on ilmoitettu tuotteiden yhteydess\u00e4. Hintaan lis\u00e4t\u00e4\u00e4n toimitusmaksu. Toimitusmaksu riippuu ostajan sijainnista ja toimitustavasta. Toimitusmaksu n\u00e4ytet\u00e4\u00e4n ostajalle tilausta tehdess\u00e4. Tietoa tavaroista on verkkokaupassa [&hellip;]<\/p>\n","protected":false},"author":1,"featured_media":0,"parent":0,"menu_order":0,"comment_status":"closed","ping_status":"closed","template":"","meta":{"_monsterinsights_skip_tracking":false,"_monsterinsights_sitenote_active":false,"_monsterinsights_sitenote_note":"","_monsterinsights_sitenote_category":0,"footnotes":""},"class_list":["post-1577","page","type-page","status-publish","hentry"],"yoast_head":"<!-- This site is optimized with the Yoast SEO plugin v27.1.1 - https:\/\/yoast.com\/product\/yoast-seo-wordpress\/ -->\n<title>Myyntiehdot - Autoklaavide e-pood<\/title>\n<meta name=\"robots\" content=\"index, follow, max-snippet:-1, max-image-preview:large, max-video-preview:-1\" \/>\n<link rel=\"canonical\" href=\"https:\/\/autoklaav.ee\/fi\/myyntiehdot\/\" \/>\n<meta property=\"og:locale\" content=\"fi_FI\" \/>\n<meta property=\"og:type\" content=\"article\" \/>\n<meta property=\"og:title\" content=\"Myyntiehdot - Autoklaavide e-pood\" \/>\n<meta property=\"og:description\" content=\"Verkkokaupan www.autoklaav.ee (j\u00e4ljemp\u00e4n\u00e4 &#8221;verkkokauppa&#8221;) omistaja on MX GRADE O\u00dc (rekisteritunnus 16060872), joka sijaitsee osoitteessa Roobu 9, Maardu, 74114. Myyntisopimuksen voimassaolo, kaupalliset tiedot ja hintatiedot Myyntiehdot koskevat tavaroiden ostamista verkkokaupasta. Verkkokaupassa myyt\u00e4vien tuotteiden hinnat on ilmoitettu tuotteiden yhteydess\u00e4. Hintaan lis\u00e4t\u00e4\u00e4n toimitusmaksu. Toimitusmaksu riippuu ostajan sijainnista ja toimitustavasta. Toimitusmaksu n\u00e4ytet\u00e4\u00e4n ostajalle tilausta tehdess\u00e4. Tietoa tavaroista on verkkokaupassa [&hellip;]\" \/>\n<meta property=\"og:url\" content=\"https:\/\/autoklaav.ee\/fi\/myyntiehdot\/\" \/>\n<meta property=\"og:site_name\" content=\"Autoklaavide e-pood\" \/>\n<meta name=\"twitter:card\" content=\"summary_large_image\" \/>\n<meta name=\"twitter:label1\" content=\"Arvioitu lukuaika\" \/>\n\t<meta name=\"twitter:data1\" content=\"4 minuuttia\" \/>\n<script type=\"application\/ld+json\" class=\"yoast-schema-graph\">{\"@context\":\"https:\/\/schema.org\",\"@graph\":[{\"@type\":\"WebPage\",\"@id\":\"https:\/\/autoklaav.ee\/fi\/myyntiehdot\/\",\"url\":\"https:\/\/autoklaav.ee\/fi\/myyntiehdot\/\",\"name\":\"Myyntiehdot - Autoklaavide e-pood\",\"isPartOf\":{\"@id\":\"https:\/\/autoklaav.ee\/fi\/#website\"},\"datePublished\":\"2023-07-14T21:10:44+00:00\",\"breadcrumb\":{\"@id\":\"https:\/\/autoklaav.ee\/fi\/myyntiehdot\/#breadcrumb\"},\"inLanguage\":\"fi\",\"potentialAction\":[{\"@type\":\"ReadAction\",\"target\":[\"https:\/\/autoklaav.ee\/fi\/myyntiehdot\/\"]}]},{\"@type\":\"BreadcrumbList\",\"@id\":\"https:\/\/autoklaav.ee\/fi\/myyntiehdot\/#breadcrumb\",\"itemListElement\":[{\"@type\":\"ListItem\",\"position\":1,\"name\":\"Esileht\",\"item\":\"https:\/\/autoklaav.ee\/fi\/\"},{\"@type\":\"ListItem\",\"position\":2,\"name\":\"Myyntiehdot\"}]},{\"@type\":\"WebSite\",\"@id\":\"https:\/\/autoklaav.ee\/fi\/#website\",\"url\":\"https:\/\/autoklaav.ee\/fi\/\",\"name\":\"Autoklaavide e-pood\",\"description\":\"\",\"potentialAction\":[{\"@type\":\"SearchAction\",\"target\":{\"@type\":\"EntryPoint\",\"urlTemplate\":\"https:\/\/autoklaav.ee\/fi\/?s={search_term_string}\"},\"query-input\":{\"@type\":\"PropertyValueSpecification\",\"valueRequired\":true,\"valueName\":\"search_term_string\"}}],\"inLanguage\":\"fi\"}]}<\/script>\n<!-- \/ Yoast SEO plugin. -->","yoast_head_json":{"title":"Myyntiehdot - Autoklaavide e-pood","robots":{"index":"index","follow":"follow","max-snippet":"max-snippet:-1","max-image-preview":"max-image-preview:large","max-video-preview":"max-video-preview:-1"},"canonical":"https:\/\/autoklaav.ee\/fi\/myyntiehdot\/","og_locale":"fi_FI","og_type":"article","og_title":"Myyntiehdot - Autoklaavide e-pood","og_description":"Verkkokaupan www.autoklaav.ee (j\u00e4ljemp\u00e4n\u00e4 &#8221;verkkokauppa&#8221;) omistaja on MX GRADE O\u00dc (rekisteritunnus 16060872), joka sijaitsee osoitteessa Roobu 9, Maardu, 74114. Myyntisopimuksen voimassaolo, kaupalliset tiedot ja hintatiedot Myyntiehdot koskevat tavaroiden ostamista verkkokaupasta. Verkkokaupassa myyt\u00e4vien tuotteiden hinnat on ilmoitettu tuotteiden yhteydess\u00e4. Hintaan lis\u00e4t\u00e4\u00e4n toimitusmaksu. Toimitusmaksu riippuu ostajan sijainnista ja toimitustavasta. Toimitusmaksu n\u00e4ytet\u00e4\u00e4n ostajalle tilausta tehdess\u00e4. Tietoa tavaroista on verkkokaupassa [&hellip;]","og_url":"https:\/\/autoklaav.ee\/fi\/myyntiehdot\/","og_site_name":"Autoklaavide e-pood","twitter_card":"summary_large_image","twitter_misc":{"Arvioitu lukuaika":"4 minuuttia"},"schema":{"@context":"https:\/\/schema.org","@graph":[{"@type":"WebPage","@id":"https:\/\/autoklaav.ee\/fi\/myyntiehdot\/","url":"https:\/\/autoklaav.ee\/fi\/myyntiehdot\/","name":"Myyntiehdot - Autoklaavide e-pood","isPartOf":{"@id":"https:\/\/autoklaav.ee\/fi\/#website"},"datePublished":"2023-07-14T21:10:44+00:00","breadcrumb":{"@id":"https:\/\/autoklaav.ee\/fi\/myyntiehdot\/#breadcrumb"},"inLanguage":"fi","potentialAction":[{"@type":"ReadAction","target":["https:\/\/autoklaav.ee\/fi\/myyntiehdot\/"]}]},{"@type":"BreadcrumbList","@id":"https:\/\/autoklaav.ee\/fi\/myyntiehdot\/#breadcrumb","itemListElement":[{"@type":"ListItem","position":1,"name":"Esileht","item":"https:\/\/autoklaav.ee\/fi\/"},{"@type":"ListItem","position":2,"name":"Myyntiehdot"}]},{"@type":"WebSite","@id":"https:\/\/autoklaav.ee\/fi\/#website","url":"https:\/\/autoklaav.ee\/fi\/","name":"Autoklaavide e-pood","description":"","potentialAction":[{"@type":"SearchAction","target":{"@type":"EntryPoint","urlTemplate":"https:\/\/autoklaav.ee\/fi\/?s={search_term_string}"},"query-input":{"@type":"PropertyValueSpecification","valueRequired":true,"valueName":"search_term_string"}}],"inLanguage":"fi"}]}},"jetpack_sharing_enabled":true,"_links":{"self":[{"href":"https:\/\/autoklaav.ee\/fi\/wp-json\/wp\/v2\/pages\/1577","targetHints":{"allow":["GET"]}}],"collection":[{"href":"https:\/\/autoklaav.ee\/fi\/wp-json\/wp\/v2\/pages"}],"about":[{"href":"https:\/\/autoklaav.ee\/fi\/wp-json\/wp\/v2\/types\/page"}],"author":[{"embeddable":true,"href":"https:\/\/autoklaav.ee\/fi\/wp-json\/wp\/v2\/users\/1"}],"replies":[{"embeddable":true,"href":"https:\/\/autoklaav.ee\/fi\/wp-json\/wp\/v2\/comments?post=1577"}],"version-history":[{"count":0,"href":"https:\/\/autoklaav.ee\/fi\/wp-json\/wp\/v2\/pages\/1577\/revisions"}],"wp:attachment":[{"href":"https:\/\/autoklaav.ee\/fi\/wp-json\/wp\/v2\/media?parent=1577"}],"curies":[{"name":"wp","href":"https:\/\/api.w.org\/{rel}","templated":true}]}}