{"id":1279,"date":"2023-07-22T09:44:47","date_gmt":"2023-07-22T09:44:47","guid":{"rendered":"https:\/\/autoklaav.ee\/autoklaavin-valinta\/"},"modified":"2025-10-02T08:01:12","modified_gmt":"2025-10-02T08:01:12","slug":"autoklaavin-valinta","status":"publish","type":"page","link":"https:\/\/autoklaav.ee\/fi\/autoklaavin-valinta\/","title":{"rendered":"Autoklaavin valinta"},"content":{"rendered":"<div class='flex_column av-jv8ob-519a70cb6c6caf6636ef7220a7084e41 av_one_full  avia-builder-el-0  el_before_av_one_full  avia-builder-el-first  first flex_column_div '   ><section  class='av_textblock_section av-lkdthoa4-6d5def1a79f13658c165232d1c9d373c'  itemscope=\"itemscope\" itemtype=\"https:\/\/schema.org\/CreativeWork\" ><div class='avia_textblock'  itemprop=\"text\" ><h3>Autoklaavin valinta<\/h3>\n<p>Autoklaavi on loistava apu kaikissa kotitalouksissa. Autoklaavin avulla s\u00e4il\u00f6nt\u00e4aineiden valmistus on nopeaa, helppoa ja lopputulos on aina laadukas. <\/p>\n<p>Mik\u00e4 on autoklaavi? Autoklaavi on laite, joka ilmatiiviisti suljettuna l\u00e4mmitt\u00e4\u00e4 s\u00e4ili\u00f6t paineen alaisena korkeaan l\u00e4mp\u00f6tilaan &#8211; jopa 120 celsiusasteeseen. <\/p>\n<p>Useimpien elintarvikkeiden sterilointiin riitt\u00e4\u00e4 90 astetta, mutta esimerkiksi lihan ja kalan pitk\u00e4aikaiseen s\u00e4il\u00f6miseen tarvitaan yli 100 asteen l\u00e4mp\u00f6tiloja, eiv\u00e4tk\u00e4 autoklaavit ole ratkaisu.<\/p>\n<p>Seuraavassa artikkelissa kerromme er\u00e4ist\u00e4 t\u00e4rkeist\u00e4 autoklaavin parametreista, jotka voivat auttaa sinua valinnan tekemisess\u00e4.<\/p>\n<h3>Mik\u00e4 materiaali minun pit\u00e4isi valita autoni lasiin?<\/h3>\n<p>N\u00e4kemyksemme on selke\u00e4: valitse autoklaavimateriaali, joka vaatii v\u00e4hiten huoltoa, kest\u00e4\u00e4 pisimp\u00e4\u00e4n ja n\u00e4ytt\u00e4\u00e4 kauniilta i\u00e4st\u00e4\u00e4n huolimatta. Ruostumattomasta ter\u00e4ksest\u00e4 valmistetut autoklaavit voivat kest\u00e4\u00e4 jopa 50 vuotta, ja ne ovat my\u00f6s kevyempi\u00e4 kuin mustasta metallista valmistetut autoklaavit.<\/p>\n<\/div><\/section><br \/>\n\n<style type=\"text\/css\" data-created_by=\"avia_inline_auto\" id=\"style-css-av-lkdtj54f-4f8f48f8328f91818e82eb719aea2219\">\n.avia-image-container.av-lkdtj54f-4f8f48f8328f91818e82eb719aea2219 .av-image-caption-overlay-center{\ncolor:#ffffff;\n}\n<\/style>\n<div  class='avia-image-container av-lkdtj54f-4f8f48f8328f91818e82eb719aea2219 av-styling- avia-align-center  avia-builder-el-2  el_after_av_textblock  avia-builder-el-last '  itemprop=\"image\" itemscope=\"itemscope\" itemtype=\"https:\/\/schema.org\/ImageObject\" ><div class=\"avia-image-container-inner\"><div class=\"avia-image-overlay-wrap\"><img decoding=\"async\" class='wp-image-919 avia-img-lazy-loading-not-919 avia_image' src=\"https:\/\/autoklaav.ee\/wp-content\/uploads\/2023\/07\/img_5030-1030x283.webp\" alt='' title='autoklaavi'  height=\"283\" width=\"1030\"  itemprop=\"thumbnailUrl\" srcset=\"https:\/\/autoklaav.ee\/wp-content\/uploads\/2023\/07\/img_5030-1030x283.webp 1030w, https:\/\/autoklaav.ee\/wp-content\/uploads\/2023\/07\/img_5030-300x83.webp 300w, https:\/\/autoklaav.ee\/wp-content\/uploads\/2023\/07\/img_5030-768x211.webp 768w, https:\/\/autoklaav.ee\/wp-content\/uploads\/2023\/07\/img_5030-705x194.webp 705w, https:\/\/autoklaav.ee\/wp-content\/uploads\/2023\/07\/img_5030-450x124.webp 450w, https:\/\/autoklaav.ee\/wp-content\/uploads\/2023\/07\/img_5030-600x165.webp 600w, https:\/\/autoklaav.ee\/wp-content\/uploads\/2023\/07\/img_5030.webp 1032w\" sizes=\"(max-width: 1030px) 100vw, 1030px\" \/><\/div><\/div><\/div><\/p><\/div><div class='flex_column av-gd3s3-126627f7ff198453c3aff51e1152b48e av_one_full  avia-builder-el-3  el_after_av_one_full  el_before_av_one_full  first flex_column_div column-top-margin'   ><section  class='av_textblock_section av-lkdtkgz5-d6cb0481725f16c50b0cfc084c9e8f5f'  itemscope=\"itemscope\" itemtype=\"https:\/\/schema.org\/CreativeWork\" ><div class='avia_textblock'  itemprop=\"text\" ><h3>Kasetti vai paineastia?<\/h3>\n<p>Kasetti-autoklaavit toimivat seuraavalla periaatteella: erityiset kasetit varustetaan s\u00e4ili\u00f6ill\u00e4 ja kasetti puristetaan yhteen. Kasetin paine pit\u00e4\u00e4 kannet tiukasti paikoillaan kuumennusprosessin aikana, joten ne ovat aina tukevasti kiinni. Kasetteja k\u00e4ytett\u00e4ess\u00e4 t\u00f6lkkien on oltava saman tilavuuden (tai tarkemmin sanottuna saman korkeuden) omaavia.<\/p>\n<\/div><\/section><br \/>\n\n<style type=\"text\/css\" data-created_by=\"avia_inline_auto\" id=\"style-css-av-lkdtl9t4-8d630f01dcf6787f5f69fe37dbc43ed6\">\n.avia-image-container.av-lkdtl9t4-8d630f01dcf6787f5f69fe37dbc43ed6 .av-image-caption-overlay-center{\ncolor:#ffffff;\n}\n<\/style>\n<div  class='avia-image-container av-lkdtl9t4-8d630f01dcf6787f5f69fe37dbc43ed6 av-styling- avia-align-center  avia-builder-el-5  el_after_av_textblock  el_before_av_textblock '  itemprop=\"image\" itemscope=\"itemscope\" itemtype=\"https:\/\/schema.org\/ImageObject\" ><div class=\"avia-image-container-inner\"><div class=\"avia-image-overlay-wrap\"><img decoding=\"async\" class='wp-image-922 avia-img-lazy-loading-not-922 avia_image' src=\"https:\/\/autoklaav.ee\/wp-content\/uploads\/2023\/07\/bingo8kasseta_2_5-1030x687.jpg\" alt='' title='autoklaavi'  height=\"687\" width=\"1030\"  itemprop=\"thumbnailUrl\" srcset=\"https:\/\/autoklaav.ee\/wp-content\/uploads\/2023\/07\/bingo8kasseta_2_5-1030x687.jpg 1030w, https:\/\/autoklaav.ee\/wp-content\/uploads\/2023\/07\/bingo8kasseta_2_5-300x200.jpg 300w, https:\/\/autoklaav.ee\/wp-content\/uploads\/2023\/07\/bingo8kasseta_2_5-768x512.jpg 768w, https:\/\/autoklaav.ee\/wp-content\/uploads\/2023\/07\/bingo8kasseta_2_5-1536x1024.jpg 1536w, https:\/\/autoklaav.ee\/wp-content\/uploads\/2023\/07\/bingo8kasseta_2_5-2048x1365.jpg 2048w, https:\/\/autoklaav.ee\/wp-content\/uploads\/2023\/07\/bingo8kasseta_2_5-1500x1000.jpg 1500w, https:\/\/autoklaav.ee\/wp-content\/uploads\/2023\/07\/bingo8kasseta_2_5-705x470.jpg 705w, https:\/\/autoklaav.ee\/wp-content\/uploads\/2023\/07\/bingo8kasseta_2_5-450x300.jpg 450w, https:\/\/autoklaav.ee\/wp-content\/uploads\/2023\/07\/bingo8kasseta_2_5-1320x880.jpg 1320w, https:\/\/autoklaav.ee\/wp-content\/uploads\/2023\/07\/bingo8kasseta_2_5-600x400.jpg 600w\" sizes=\"(max-width: 1030px) 100vw, 1030px\" \/><\/div><\/div><\/div><br \/>\n<section  class='av_textblock_section av-lkdtngmh-e93416e0be1e1043107016fe70c2570e'  itemscope=\"itemscope\" itemtype=\"https:\/\/schema.org\/CreativeWork\" ><div class='avia_textblock'  itemprop=\"text\" ><p>Esipaineistetut autoklaavit paineistetaan erityisell\u00e4 pumpulla ennen l\u00e4mmityksen aloittamista. Esipaine pit\u00e4\u00e4 kannet tiukasti kiinni ja est\u00e4\u00e4 astioita kuplimasta pintaan. T\u00e4m\u00e4 on erityisen t\u00e4rke\u00e4\u00e4 kansien osalta, jotka on varustettu kannentiivistimell\u00e4.<\/p>\n<\/div><\/section><\/p><\/div><div class='flex_column av-72rij-ed7c335962ba69d52eb25f6337534954 av_one_full  avia-builder-el-7  el_after_av_one_full  avia-builder-el-last  first flex_column_div column-top-margin'   ><section  class='av_textblock_section av-lkdtoynq-5ff1c6a3894d95451e843e1649a5f493'  itemscope=\"itemscope\" itemtype=\"https:\/\/schema.org\/CreativeWork\" ><div class='avia_textblock'  itemprop=\"text\" ><h3>Kuinka suuri sinun pit\u00e4isi valita?<\/h3>\n<p>Kun valitset autolasia, arvioi ennen kaikkea tarpeesi. Kaikkien autoklaaviemme optimaalinen kapasiteetti on ilmoitettu puolen litran t\u00f6lkeiss\u00e4. Sek\u00e4 pienimm\u00e4ss\u00e4 ett\u00e4 suurimmassa autoklaavissamme voit valmistaa enint\u00e4\u00e4n yhden t\u00f6lkin kerrallaan. Arvioi siis sinulle sopiva koko sen perusteella, kuinka monta purkkia yleens\u00e4 teet kerrallaan. Ota my\u00f6s huomioon, mahtuuko valitsemasi kokoinen autoklaavi s\u00e4ilytystilaan, kun sit\u00e4 ei k\u00e4ytet\u00e4.<\/p>\n<\/div><\/section><br \/>\n\n<style type=\"text\/css\" data-created_by=\"avia_inline_auto\" id=\"style-css-av-lkdtpvf1-4104e8f34ad766d2a897c687823035ac\">\n.avia-image-container.av-lkdtpvf1-4104e8f34ad766d2a897c687823035ac .av-image-caption-overlay-center{\ncolor:#ffffff;\n}\n<\/style>\n<div  class='avia-image-container av-lkdtpvf1-4104e8f34ad766d2a897c687823035ac av-styling- avia-align-center  avia-builder-el-9  el_after_av_textblock  avia-builder-el-last '  itemprop=\"image\" itemscope=\"itemscope\" itemtype=\"https:\/\/schema.org\/ImageObject\" ><div class=\"avia-image-container-inner\"><div class=\"avia-image-overlay-wrap\"><img decoding=\"async\" class='wp-image-925 avia-img-lazy-loading-not-925 avia_image' src=\"https:\/\/autoklaav.ee\/wp-content\/uploads\/2023\/07\/razom-min-1030x413.webp\" alt='' title='autoklaavi-miss\u00e4-valita-autoklaavi'  height=\"413\" width=\"1030\"  itemprop=\"thumbnailUrl\" srcset=\"https:\/\/autoklaav.ee\/wp-content\/uploads\/2023\/07\/razom-min-1030x413.webp 1030w, https:\/\/autoklaav.ee\/wp-content\/uploads\/2023\/07\/razom-min-300x120.webp 300w, https:\/\/autoklaav.ee\/wp-content\/uploads\/2023\/07\/razom-min-768x308.webp 768w, https:\/\/autoklaav.ee\/wp-content\/uploads\/2023\/07\/razom-min-1536x615.webp 1536w, https:\/\/autoklaav.ee\/wp-content\/uploads\/2023\/07\/razom-min-2048x821.webp 2048w, https:\/\/autoklaav.ee\/wp-content\/uploads\/2023\/07\/razom-min-1500x601.webp 1500w, https:\/\/autoklaav.ee\/wp-content\/uploads\/2023\/07\/razom-min-705x282.webp 705w, https:\/\/autoklaav.ee\/wp-content\/uploads\/2023\/07\/razom-min-450x180.webp 450w, https:\/\/autoklaav.ee\/wp-content\/uploads\/2023\/07\/razom-min-1320x529.webp 1320w, https:\/\/autoklaav.ee\/wp-content\/uploads\/2023\/07\/razom-min-600x240.webp 600w\" sizes=\"(max-width: 1030px) 100vw, 1030px\" \/><\/div><\/div><\/div><\/p><\/div><\/p>\n","protected":false},"excerpt":{"rendered":"","protected":false},"author":1,"featured_media":0,"parent":0,"menu_order":0,"comment_status":"closed","ping_status":"closed","template":"","meta":{"_monsterinsights_skip_tracking":false,"_monsterinsights_sitenote_active":false,"_monsterinsights_sitenote_note":"","_monsterinsights_sitenote_category":0,"footnotes":""},"class_list":["post-1279","page","type-page","status-publish","hentry"],"yoast_head":"<!-- This site is optimized with the Yoast SEO plugin v27.1.1 - https:\/\/yoast.com\/product\/yoast-seo-wordpress\/ -->\n<title>Autoklaavin valinta - Autoklaavide e-pood<\/title>\n<meta name=\"robots\" content=\"index, follow, max-snippet:-1, max-image-preview:large, max-video-preview:-1\" \/>\n<link rel=\"canonical\" href=\"https:\/\/autoklaav.ee\/fi\/autoklaavin-valinta\/\" \/>\n<meta property=\"og:locale\" content=\"fi_FI\" \/>\n<meta property=\"og:type\" content=\"article\" \/>\n<meta property=\"og:title\" content=\"Autoklaavin valinta - Autoklaavide e-pood\" \/>\n<meta property=\"og:url\" content=\"https:\/\/autoklaav.ee\/fi\/autoklaavin-valinta\/\" \/>\n<meta property=\"og:site_name\" content=\"Autoklaavide e-pood\" \/>\n<meta property=\"article:modified_time\" content=\"2025-10-02T08:01:12+00:00\" \/>\n<meta name=\"twitter:card\" content=\"summary_large_image\" \/>\n<meta name=\"twitter:label1\" content=\"Arvioitu lukuaika\" \/>\n\t<meta name=\"twitter:data1\" content=\"8 minuuttia\" \/>\n<script type=\"application\/ld+json\" class=\"yoast-schema-graph\">{\"@context\":\"https:\/\/schema.org\",\"@graph\":[{\"@type\":\"WebPage\",\"@id\":\"https:\/\/autoklaav.ee\/fi\/autoklaavin-valinta\/\",\"url\":\"https:\/\/autoklaav.ee\/fi\/autoklaavin-valinta\/\",\"name\":\"Autoklaavin valinta - Autoklaavide e-pood\",\"isPartOf\":{\"@id\":\"https:\/\/autoklaav.ee\/fi\/#website\"},\"datePublished\":\"2023-07-22T09:44:47+00:00\",\"dateModified\":\"2025-10-02T08:01:12+00:00\",\"breadcrumb\":{\"@id\":\"https:\/\/autoklaav.ee\/fi\/autoklaavin-valinta\/#breadcrumb\"},\"inLanguage\":\"fi\",\"potentialAction\":[{\"@type\":\"ReadAction\",\"target\":[\"https:\/\/autoklaav.ee\/fi\/autoklaavin-valinta\/\"]}]},{\"@type\":\"BreadcrumbList\",\"@id\":\"https:\/\/autoklaav.ee\/fi\/autoklaavin-valinta\/#breadcrumb\",\"itemListElement\":[{\"@type\":\"ListItem\",\"position\":1,\"name\":\"Esileht\",\"item\":\"https:\/\/autoklaav.ee\/fi\/\"},{\"@type\":\"ListItem\",\"position\":2,\"name\":\"Autoklaavin valinta\"}]},{\"@type\":\"WebSite\",\"@id\":\"https:\/\/autoklaav.ee\/fi\/#website\",\"url\":\"https:\/\/autoklaav.ee\/fi\/\",\"name\":\"Autoklaavide e-pood\",\"description\":\"\",\"potentialAction\":[{\"@type\":\"SearchAction\",\"target\":{\"@type\":\"EntryPoint\",\"urlTemplate\":\"https:\/\/autoklaav.ee\/fi\/?s={search_term_string}\"},\"query-input\":{\"@type\":\"PropertyValueSpecification\",\"valueRequired\":true,\"valueName\":\"search_term_string\"}}],\"inLanguage\":\"fi\"}]}<\/script>\n<!-- \/ Yoast SEO plugin. -->","yoast_head_json":{"title":"Autoklaavin valinta - Autoklaavide e-pood","robots":{"index":"index","follow":"follow","max-snippet":"max-snippet:-1","max-image-preview":"max-image-preview:large","max-video-preview":"max-video-preview:-1"},"canonical":"https:\/\/autoklaav.ee\/fi\/autoklaavin-valinta\/","og_locale":"fi_FI","og_type":"article","og_title":"Autoklaavin valinta - Autoklaavide e-pood","og_url":"https:\/\/autoklaav.ee\/fi\/autoklaavin-valinta\/","og_site_name":"Autoklaavide e-pood","article_modified_time":"2025-10-02T08:01:12+00:00","twitter_card":"summary_large_image","twitter_misc":{"Arvioitu lukuaika":"8 minuuttia"},"schema":{"@context":"https:\/\/schema.org","@graph":[{"@type":"WebPage","@id":"https:\/\/autoklaav.ee\/fi\/autoklaavin-valinta\/","url":"https:\/\/autoklaav.ee\/fi\/autoklaavin-valinta\/","name":"Autoklaavin valinta - Autoklaavide e-pood","isPartOf":{"@id":"https:\/\/autoklaav.ee\/fi\/#website"},"datePublished":"2023-07-22T09:44:47+00:00","dateModified":"2025-10-02T08:01:12+00:00","breadcrumb":{"@id":"https:\/\/autoklaav.ee\/fi\/autoklaavin-valinta\/#breadcrumb"},"inLanguage":"fi","potentialAction":[{"@type":"ReadAction","target":["https:\/\/autoklaav.ee\/fi\/autoklaavin-valinta\/"]}]},{"@type":"BreadcrumbList","@id":"https:\/\/autoklaav.ee\/fi\/autoklaavin-valinta\/#breadcrumb","itemListElement":[{"@type":"ListItem","position":1,"name":"Esileht","item":"https:\/\/autoklaav.ee\/fi\/"},{"@type":"ListItem","position":2,"name":"Autoklaavin valinta"}]},{"@type":"WebSite","@id":"https:\/\/autoklaav.ee\/fi\/#website","url":"https:\/\/autoklaav.ee\/fi\/","name":"Autoklaavide e-pood","description":"","potentialAction":[{"@type":"SearchAction","target":{"@type":"EntryPoint","urlTemplate":"https:\/\/autoklaav.ee\/fi\/?s={search_term_string}"},"query-input":{"@type":"PropertyValueSpecification","valueRequired":true,"valueName":"search_term_string"}}],"inLanguage":"fi"}]}},"jetpack_sharing_enabled":true,"_links":{"self":[{"href":"https:\/\/autoklaav.ee\/fi\/wp-json\/wp\/v2\/pages\/1279","targetHints":{"allow":["GET"]}}],"collection":[{"href":"https:\/\/autoklaav.ee\/fi\/wp-json\/wp\/v2\/pages"}],"about":[{"href":"https:\/\/autoklaav.ee\/fi\/wp-json\/wp\/v2\/types\/page"}],"author":[{"embeddable":true,"href":"https:\/\/autoklaav.ee\/fi\/wp-json\/wp\/v2\/users\/1"}],"replies":[{"embeddable":true,"href":"https:\/\/autoklaav.ee\/fi\/wp-json\/wp\/v2\/comments?post=1279"}],"version-history":[{"count":2,"href":"https:\/\/autoklaav.ee\/fi\/wp-json\/wp\/v2\/pages\/1279\/revisions"}],"predecessor-version":[{"id":1281,"href":"https:\/\/autoklaav.ee\/fi\/wp-json\/wp\/v2\/pages\/1279\/revisions\/1281"}],"wp:attachment":[{"href":"https:\/\/autoklaav.ee\/fi\/wp-json\/wp\/v2\/media?parent=1279"}],"curies":[{"name":"wp","href":"https:\/\/api.w.org\/{rel}","templated":true}]}}