{"id":1273,"date":"2023-07-22T09:58:29","date_gmt":"2023-07-22T09:58:29","guid":{"rendered":"https:\/\/autoklaav.ee\/tarkeimmat-virheet-autoklavoinnissa\/"},"modified":"2025-10-02T08:01:13","modified_gmt":"2025-10-02T08:01:13","slug":"tarkeimmat-virheet-autoklavoinnissa","status":"publish","type":"page","link":"https:\/\/autoklaav.ee\/fi\/tarkeimmat-virheet-autoklavoinnissa\/","title":{"rendered":"T\u00e4rkeimm\u00e4t virheet autoklavoinnissa"},"content":{"rendered":"<div class='flex_column av-8ac76-5ebd13678f9082096c9ca0677e4c32c0 av_one_full  avia-builder-el-0  avia-builder-el-no-sibling  first flex_column_div '   ><section  class='av_textblock_section av-lkdu7e17-0c4870da791399c230de8dd6ac32e2f5'  itemscope=\"itemscope\" itemtype=\"https:\/\/schema.org\/CreativeWork\" ><div class='avia_textblock'  itemprop=\"text\" ><h3>T\u00e4rkeimm\u00e4t virheet autoklavoinnissa<\/h3>\n<p>Kotona k\u00e4ytett\u00e4vien autoklaavien k\u00e4tevyydest\u00e4 huolimatta asiat voivat kuitenkin aika ajoin menn\u00e4 pieleen. Se on huono asia, sill\u00e4 virheellinen k\u00e4ytt\u00f6 voi pilata tekem\u00e4si t\u00f6lkit ja pilata koko lopputuloksen. Jotta v\u00e4lt\u00e4t virheet autoklaavin k\u00e4yt\u00f6ss\u00e4, noudata autoklaavin k\u00e4ytt\u00f6ohjeessa esitettyj\u00e4 s\u00e4\u00e4nt\u00f6j\u00e4.  <\/p>\n<p><strong>Virhe nro 1<\/strong>. Autoklaaviin kaadetaan liikaa vett\u00e4. Jos j\u00e4t\u00e4t ohjeet huomiotta ja kaadat vett\u00e4 autoklaavin reunaan asti tai hieman yli 2 cm purkkien yl\u00e4reunan yl\u00e4puolelle, voit todenn\u00e4k\u00f6isesti pilata s\u00e4il\u00f6nt\u00e4prosessin. Autoklaavissa oleva vesi laajenee, ja jos et j\u00e4t\u00e4 tarvittavaa ilmatilaa, s\u00e4ili\u00f6n paine nousee liian korkeaksi, mik\u00e4 johtaa h\u00e4t\u00e4venttiilin aktivoitumiseen.   <\/p>\n<p><strong>Virhe nro 2.<\/strong>  Kun k\u00e4ytet\u00e4\u00e4n esipaineistettua autoklaavia, autoklaavin paine on asetettava tasan 1 bar:iin, sill\u00e4 virhemarginaali on hyvin pieni. Ylipaine voi laukaista h\u00e4t\u00e4venttiilin. <\/p>\n<p><strong>Virhe nro 3.<\/strong>  J\u00e4t\u00e4 purkkiin aina ylim\u00e4\u00e4r\u00e4ist\u00e4 tilaa, noin 2 cm kannen yl\u00e4puolelle. Voimakas kuumentaminen saa ruoan turpoamaan ja saattaa ty\u00f6nt\u00e4\u00e4 kannen pois. T\u00e4m\u00e4n v\u00e4ltt\u00e4miseksi j\u00e4t\u00e4 2-3 cm tilaa, jotta kansi vet\u00e4ytyy sen sijaan sis\u00e4\u00e4np\u00e4in.  <\/p>\n<p><strong>Virhe nro 4.<\/strong>  Veden puute laitteessa. Autoklaavissa on t\u00f6lkkien lukum\u00e4\u00e4r\u00e4st\u00e4 ja tilavuudesta riippumatta oltava vett\u00e4 niin paljon, ett\u00e4 se peitt\u00e4\u00e4 kaikki t\u00f6lkit noin 2 cm:ll\u00e4. Oikean vesim\u00e4\u00e4r\u00e4n ansiosta kaikki t\u00f6lkit kuumenevat tasaisesti. Tasainen, v\u00e4hitellen laskeva l\u00e4mp\u00f6tila on t\u00e4rke\u00e4 my\u00f6s j\u00e4\u00e4hdytyksen kannalta.   <\/p>\n<p><strong>Virhe nro 5.<\/strong>  \u00c4l\u00e4 avaa autoklaavia ennen kuin se on j\u00e4\u00e4htynyt kokonaan. Kun s\u00e4ilykkeen valmistus on p\u00e4\u00e4ttynyt ja l\u00e4mmitys on kytketty pois p\u00e4\u00e4lt\u00e4, monet ihmiset haluavat avata laitteen v\u00e4litt\u00f6m\u00e4sti ja tarkistaa sis\u00e4ll\u00f6n. \u00c4l\u00e4 ruuvaa muttereita irti ennen kuin autoklaavi on j\u00e4\u00e4htynyt alle 30 C:een. T\u00e4ll\u00f6in laitteessa oleva paine vastaa purkeissa olevaa painetta. Jos autoklaavi avataan liian aikaisin, kannet voivat irrota.    <\/p>\n<p><strong>Virhe nro 6.<\/strong>  Tarvittavan tiheyden puute. Mutterit on kiristett\u00e4v\u00e4 tasaisesti tiukkuuden varmistamiseksi. Kirist\u00e4 mutterit kannen poikki kohtisuoraan, ei per\u00e4kk\u00e4in. V\u00e4\u00e4rin kiristettyn\u00e4 kannet voivat l\u00f6ysty\u00e4 ja paine voi nousta joko liian hitaasti tai ei nousta lainkaan. T\u00e4ydellisen tiivisteen tapauksessa paine astioissa nousee v\u00e4hitellen.    <\/p>\n<p><strong>Virhe nro 7.<\/strong>  T\u00f6lkkien virheellinen sulkeminen. Ennen toimenpidett\u00e4 metallikansia on pidett\u00e4v\u00e4 kiehuvassa vedess\u00e4, kunnes tiiviste on pehme\u00e4. K\u00e4yt\u00e4 aina uusia kuppeja. Valitse laadukkaat kannet luotettavilta valmistajilta ja varmista, ett\u00e4 ne ovat ehj\u00e4t.   <\/p>\n<p><strong>Virhe nro 8.<\/strong>  V\u00e4\u00e4r\u00e4 autoklaavitila. Noudata l\u00e4\u00e4kem\u00e4\u00e4r\u00e4yst\u00e4 tai valmistajan ohjeita. \u00c4l\u00e4 kypsenn\u00e4 hedelmi\u00e4 1 tunnin ajan 120 \u00b0C:ssa, kun kypsennysohjeissa sanotaan 15 minuuttia 100 \u00b0C:ssa. \u00c4l\u00e4 j\u00e4t\u00e4 autoklaavia ilman valvontaa pitk\u00e4ksi aikaa.   <\/p>\n<p>Jos onnistut v\u00e4ltt\u00e4m\u00e4\u00e4n t\u00e4rkeimm\u00e4t virheet, laadukas tulos on taattu!<\/p>\n<p>Lue lis\u00e4\u00e4:<\/p>\n<p>Autoklaavin toimintatilat<\/p>\n<p>Mik\u00e4 on autoklaavi<\/p>\n<p>Autoklaavin k\u00e4ytt\u00f6<\/p>\n<p>Autoklaavin valinta<\/p>\n<\/div><\/section><\/div>\n","protected":false},"excerpt":{"rendered":"","protected":false},"author":1,"featured_media":0,"parent":0,"menu_order":0,"comment_status":"closed","ping_status":"closed","template":"","meta":{"_monsterinsights_skip_tracking":false,"_monsterinsights_sitenote_active":false,"_monsterinsights_sitenote_note":"","_monsterinsights_sitenote_category":0,"footnotes":""},"class_list":["post-1273","page","type-page","status-publish","hentry"],"yoast_head":"<!-- This site is optimized with the Yoast SEO plugin v27.1.1 - https:\/\/yoast.com\/product\/yoast-seo-wordpress\/ -->\n<title>T\u00e4rkeimm\u00e4t virheet autoklavoinnissa - Autoklaavide e-pood<\/title>\n<meta name=\"robots\" content=\"index, follow, max-snippet:-1, max-image-preview:large, max-video-preview:-1\" \/>\n<link rel=\"canonical\" href=\"https:\/\/autoklaav.ee\/fi\/tarkeimmat-virheet-autoklavoinnissa\/\" \/>\n<meta property=\"og:locale\" content=\"fi_FI\" \/>\n<meta property=\"og:type\" content=\"article\" \/>\n<meta property=\"og:title\" content=\"T\u00e4rkeimm\u00e4t virheet autoklavoinnissa - Autoklaavide e-pood\" \/>\n<meta property=\"og:url\" content=\"https:\/\/autoklaav.ee\/fi\/tarkeimmat-virheet-autoklavoinnissa\/\" \/>\n<meta property=\"og:site_name\" content=\"Autoklaavide e-pood\" \/>\n<meta property=\"article:modified_time\" content=\"2025-10-02T08:01:13+00:00\" \/>\n<meta name=\"twitter:card\" content=\"summary_large_image\" \/>\n<meta name=\"twitter:label1\" content=\"Arvioitu lukuaika\" \/>\n\t<meta name=\"twitter:data1\" content=\"4 minuuttia\" \/>\n<script type=\"application\/ld+json\" class=\"yoast-schema-graph\">{\"@context\":\"https:\/\/schema.org\",\"@graph\":[{\"@type\":\"WebPage\",\"@id\":\"https:\/\/autoklaav.ee\/fi\/tarkeimmat-virheet-autoklavoinnissa\/\",\"url\":\"https:\/\/autoklaav.ee\/fi\/tarkeimmat-virheet-autoklavoinnissa\/\",\"name\":\"T\u00e4rkeimm\u00e4t virheet autoklavoinnissa - Autoklaavide e-pood\",\"isPartOf\":{\"@id\":\"https:\/\/autoklaav.ee\/fi\/#website\"},\"datePublished\":\"2023-07-22T09:58:29+00:00\",\"dateModified\":\"2025-10-02T08:01:13+00:00\",\"breadcrumb\":{\"@id\":\"https:\/\/autoklaav.ee\/fi\/tarkeimmat-virheet-autoklavoinnissa\/#breadcrumb\"},\"inLanguage\":\"fi\",\"potentialAction\":[{\"@type\":\"ReadAction\",\"target\":[\"https:\/\/autoklaav.ee\/fi\/tarkeimmat-virheet-autoklavoinnissa\/\"]}]},{\"@type\":\"BreadcrumbList\",\"@id\":\"https:\/\/autoklaav.ee\/fi\/tarkeimmat-virheet-autoklavoinnissa\/#breadcrumb\",\"itemListElement\":[{\"@type\":\"ListItem\",\"position\":1,\"name\":\"Esileht\",\"item\":\"https:\/\/autoklaav.ee\/fi\/\"},{\"@type\":\"ListItem\",\"position\":2,\"name\":\"T\u00e4rkeimm\u00e4t virheet autoklavoinnissa\"}]},{\"@type\":\"WebSite\",\"@id\":\"https:\/\/autoklaav.ee\/fi\/#website\",\"url\":\"https:\/\/autoklaav.ee\/fi\/\",\"name\":\"Autoklaavide e-pood\",\"description\":\"\",\"potentialAction\":[{\"@type\":\"SearchAction\",\"target\":{\"@type\":\"EntryPoint\",\"urlTemplate\":\"https:\/\/autoklaav.ee\/fi\/?s={search_term_string}\"},\"query-input\":{\"@type\":\"PropertyValueSpecification\",\"valueRequired\":true,\"valueName\":\"search_term_string\"}}],\"inLanguage\":\"fi\"}]}<\/script>\n<!-- \/ Yoast SEO plugin. -->","yoast_head_json":{"title":"T\u00e4rkeimm\u00e4t virheet autoklavoinnissa - Autoklaavide e-pood","robots":{"index":"index","follow":"follow","max-snippet":"max-snippet:-1","max-image-preview":"max-image-preview:large","max-video-preview":"max-video-preview:-1"},"canonical":"https:\/\/autoklaav.ee\/fi\/tarkeimmat-virheet-autoklavoinnissa\/","og_locale":"fi_FI","og_type":"article","og_title":"T\u00e4rkeimm\u00e4t virheet autoklavoinnissa - Autoklaavide e-pood","og_url":"https:\/\/autoklaav.ee\/fi\/tarkeimmat-virheet-autoklavoinnissa\/","og_site_name":"Autoklaavide e-pood","article_modified_time":"2025-10-02T08:01:13+00:00","twitter_card":"summary_large_image","twitter_misc":{"Arvioitu lukuaika":"4 minuuttia"},"schema":{"@context":"https:\/\/schema.org","@graph":[{"@type":"WebPage","@id":"https:\/\/autoklaav.ee\/fi\/tarkeimmat-virheet-autoklavoinnissa\/","url":"https:\/\/autoklaav.ee\/fi\/tarkeimmat-virheet-autoklavoinnissa\/","name":"T\u00e4rkeimm\u00e4t virheet autoklavoinnissa - Autoklaavide e-pood","isPartOf":{"@id":"https:\/\/autoklaav.ee\/fi\/#website"},"datePublished":"2023-07-22T09:58:29+00:00","dateModified":"2025-10-02T08:01:13+00:00","breadcrumb":{"@id":"https:\/\/autoklaav.ee\/fi\/tarkeimmat-virheet-autoklavoinnissa\/#breadcrumb"},"inLanguage":"fi","potentialAction":[{"@type":"ReadAction","target":["https:\/\/autoklaav.ee\/fi\/tarkeimmat-virheet-autoklavoinnissa\/"]}]},{"@type":"BreadcrumbList","@id":"https:\/\/autoklaav.ee\/fi\/tarkeimmat-virheet-autoklavoinnissa\/#breadcrumb","itemListElement":[{"@type":"ListItem","position":1,"name":"Esileht","item":"https:\/\/autoklaav.ee\/fi\/"},{"@type":"ListItem","position":2,"name":"T\u00e4rkeimm\u00e4t virheet autoklavoinnissa"}]},{"@type":"WebSite","@id":"https:\/\/autoklaav.ee\/fi\/#website","url":"https:\/\/autoklaav.ee\/fi\/","name":"Autoklaavide e-pood","description":"","potentialAction":[{"@type":"SearchAction","target":{"@type":"EntryPoint","urlTemplate":"https:\/\/autoklaav.ee\/fi\/?s={search_term_string}"},"query-input":{"@type":"PropertyValueSpecification","valueRequired":true,"valueName":"search_term_string"}}],"inLanguage":"fi"}]}},"jetpack_sharing_enabled":true,"_links":{"self":[{"href":"https:\/\/autoklaav.ee\/fi\/wp-json\/wp\/v2\/pages\/1273","targetHints":{"allow":["GET"]}}],"collection":[{"href":"https:\/\/autoklaav.ee\/fi\/wp-json\/wp\/v2\/pages"}],"about":[{"href":"https:\/\/autoklaav.ee\/fi\/wp-json\/wp\/v2\/types\/page"}],"author":[{"embeddable":true,"href":"https:\/\/autoklaav.ee\/fi\/wp-json\/wp\/v2\/users\/1"}],"replies":[{"embeddable":true,"href":"https:\/\/autoklaav.ee\/fi\/wp-json\/wp\/v2\/comments?post=1273"}],"version-history":[{"count":5,"href":"https:\/\/autoklaav.ee\/fi\/wp-json\/wp\/v2\/pages\/1273\/revisions"}],"predecessor-version":[{"id":1284,"href":"https:\/\/autoklaav.ee\/fi\/wp-json\/wp\/v2\/pages\/1273\/revisions\/1284"}],"wp:attachment":[{"href":"https:\/\/autoklaav.ee\/fi\/wp-json\/wp\/v2\/media?parent=1273"}],"curies":[{"name":"wp","href":"https:\/\/api.w.org\/{rel}","templated":true}]}}